{"id":1379,"date":"2022-01-14T10:10:48","date_gmt":"2022-01-14T10:10:48","guid":{"rendered":"https:\/\/kassnhof.at\/location-arrival\/"},"modified":"2025-02-19T14:23:56","modified_gmt":"2025-02-19T14:23:56","slug":"location-arrival","status":"publish","type":"page","link":"https:\/\/kassnhof.at\/en\/location-arrival\/","title":{"rendered":"Location&#038;Arrival"},"content":{"rendered":"\t\t<div data-elementor-type=\"wp-page\" data-elementor-id=\"1379\" class=\"elementor elementor-1379 elementor-19\" data-elementor-post-type=\"page\">\n\t\t\t\t\t\t<section class=\"elementor-section elementor-top-section elementor-element elementor-element-2df5775 elementor-section-height-min-height elementor-hidden-tablet_extra elementor-hidden-tablet elementor-hidden-mobile elementor-section-boxed elementor-section-height-default elementor-section-items-middle\" data-id=\"2df5775\" data-element_type=\"section\" data-e-type=\"section\" data-settings=\"{&quot;background_background&quot;:&quot;classic&quot;}\">\n\t\t\t\t\t\t<div class=\"elementor-container elementor-column-gap-default\">\n\t\t\t\t\t<div class=\"elementor-column elementor-col-100 elementor-top-column elementor-element elementor-element-fc0f1e7\" data-id=\"fc0f1e7\" data-element_type=\"column\" data-e-type=\"column\">\n\t\t\t<div class=\"elementor-widget-wrap\">\n\t\t\t\t\t\t\t<\/div>\n\t\t<\/div>\n\t\t\t\t\t<\/div>\n\t\t<\/section>\n\t\t\t\t<section class=\"elementor-section elementor-top-section elementor-element elementor-element-6a8a53f9 elementor-section-height-min-height elementor-section-boxed elementor-section-height-default elementor-section-items-middle\" data-id=\"6a8a53f9\" data-element_type=\"section\" data-e-type=\"section\" data-settings=\"{&quot;background_background&quot;:&quot;classic&quot;}\">\n\t\t\t\t\t\t<div class=\"elementor-container elementor-column-gap-default\">\n\t\t\t\t\t<div class=\"elementor-column elementor-col-100 elementor-top-column elementor-element elementor-element-2e6754fe\" data-id=\"2e6754fe\" data-element_type=\"column\" data-e-type=\"column\">\n\t\t\t<div class=\"elementor-widget-wrap\">\n\t\t\t\t\t\t\t<\/div>\n\t\t<\/div>\n\t\t\t\t\t<\/div>\n\t\t<\/section>\n\t\t\t\t<section class=\"elementor-section elementor-top-section elementor-element elementor-element-67bec632 elementor-section-boxed elementor-section-height-default elementor-section-height-default\" data-id=\"67bec632\" data-element_type=\"section\" data-e-type=\"section\">\n\t\t\t\t\t\t<div class=\"elementor-container elementor-column-gap-wider\">\n\t\t\t\t\t<div class=\"elementor-column elementor-col-50 elementor-top-column elementor-element elementor-element-4fe9a990 animated-slow elementor-invisible\" data-id=\"4fe9a990\" data-element_type=\"column\" data-e-type=\"column\" data-settings=\"{&quot;animation&quot;:&quot;fadeInUp&quot;}\">\n\t\t\t<div class=\"elementor-widget-wrap elementor-element-populated\">\n\t\t\t\t\t\t<div class=\"elementor-element elementor-element-51170d03 elementor-widget elementor-widget-heading\" data-id=\"51170d03\" data-element_type=\"widget\" data-e-type=\"widget\" data-widget_type=\"heading.default\">\n\t\t\t\t<div class=\"elementor-widget-container\">\n\t\t\t\t\t<h2 class=\"elementor-heading-title elementor-size-default\">Location&amp;Arrival<\/h2>\t\t\t\t<\/div>\n\t\t\t\t<\/div>\n\t\t\t\t<div class=\"elementor-element elementor-element-2e263dab elementor-widget elementor-widget-text-editor\" data-id=\"2e263dab\" data-element_type=\"widget\" data-e-type=\"widget\" data-widget_type=\"text-editor.default\">\n\t\t\t\t<div class=\"elementor-widget-container\">\n\t\t\t\t\t\t\t\t\t<p><strong>By car<\/strong><br \/>From the Olympic city of Innsbruck you can reach the Stubaital in about 20 minutes via the Brenner freeway (Europabr\u00fccke). Exit at Sch\u00f6nberg, the first village in the Stubaital, continue to Telfes. Or toll-free along the Brenner road to Sch\u00f6nberg (approx. 35 minutes driving time).<\/p>\n<p>The freeways in Austria are subject to vignettes. Vignettes are available at border crossings, gas stations and your car club.<\/p>\n<p><strong>By train<\/strong><\/p>\n<p>Travel relaxed by train:<\/p>\n<p>&nbsp;<\/p>\n<ul> \t<\/p>\n<li>by train to Innsbruck<\/li>\n<p> \t<\/p>\n<li>by public transport (<a href=\"https:\/\/www.stubai.at\/en\/info-service\/timetables\/\">bus or streetcar<\/a>) to Telfes \u21d2 <a href=\"https:\/\/www.stubai.at\/en\/info-service\/free-arrival\/\">free journey<\/a>.<\/li>\n<p> \t<\/p>\n<li>be mobile in the whole valley with the Stubai Card and <a href=\"https:\/\/www.stubai.at\/en\/activities\/hiking\/stubai-super-card\/\">Stubai Super Card<\/a> (use all <a href=\"https:\/\/www.stubai.at\/en\/skiing-resorts\/\">mountain railroads<\/a> and all <a href=\"https:\/\/www.stubai.at\/en\/info-service\/timetables\/\">public transport<\/a> even to\/from Innsbruck) and in winter free of charge with the <a href=\"https:\/\/www.stubai.at\/en\/activities\/skiing\/ski-bus\/\">ski bus<\/a> directly to the <a href=\"https:\/\/www.stubai.at\/en\/skiing-resorts\/\">ski areas<\/a><\/li>\n<p><\/ul>\n<p>&nbsp;<\/p>\n\t\t\t\t\t\t\t\t<\/div>\n\t\t\t\t<\/div>\n\t\t\t\t\t<\/div>\n\t\t<\/div>\n\t\t\t\t<div class=\"elementor-column elementor-col-50 elementor-top-column elementor-element elementor-element-6d875749\" data-id=\"6d875749\" data-element_type=\"column\" data-e-type=\"column\">\n\t\t\t<div class=\"elementor-widget-wrap elementor-element-populated\">\n\t\t\t\t\t\t<div class=\"elementor-element elementor-element-93c0666 elementor-widget elementor-widget-osm-map-elementor\" data-id=\"93c0666\" data-element_type=\"widget\" data-e-type=\"widget\" data-widget_type=\"osm-map-elementor.default\">\n\t\t\t\t<div class=\"elementor-widget-container\">\n\t\t\t\t\t<div id=\"osm-map-93c0666\" \n        class=\"osm-map-container\" \n        data-center=\"47.160288,11.346661\"><\/div>        <script type=\"text\/javascript\">\n                    <\/script>\n        \t\t\t\t<\/div>\n\t\t\t\t<\/div>\n\t\t\t\t<div class=\"elementor-element elementor-element-0a13598 elementor-widget elementor-widget-button\" data-id=\"0a13598\" data-element_type=\"widget\" data-e-type=\"widget\" data-widget_type=\"button.default\">\n\t\t\t\t<div class=\"elementor-widget-container\">\n\t\t\t\t\t\t\t\t\t<div class=\"elementor-button-wrapper\">\n\t\t\t\t\t<a class=\"elementor-button elementor-button-link elementor-size-sm\" href=\"https:\/\/www.google.com\/maps\/place\/KASSNHOF+-+URLAUB+IN+DEN+BERGEN+%E2%80%93+URLAUB+AM+PONYHOF\/@47.1600754,11.3452485,17z\/data=!3m1!4b1!4m5!3m4!1s0x479d41780dee210b:0xc15532e8b6e08da6!8m2!3d47.1600847!4d11.347422%20\" target=\"_blank\">\n\t\t\t\t\t\t<span class=\"elementor-button-content-wrapper\">\n\t\t\t\t\t\t<span class=\"elementor-button-icon\">\n\t\t\t\t<i aria-hidden=\"true\" class=\"fas fa-location-arrow\"><\/i>\t\t\t<\/span>\n\t\t\t\t\t\t\t\t\t<span class=\"elementor-button-text\">To the route planner<\/span>\n\t\t\t\t\t<\/span>\n\t\t\t\t\t<\/a>\n\t\t\t\t<\/div>\n\t\t\t\t\t\t\t\t<\/div>\n\t\t\t\t<\/div>\n\t\t\t\t\t<\/div>\n\t\t<\/div>\n\t\t\t\t\t<\/div>\n\t\t<\/section>\n\t\t\t\t<\/div>\n\t\t","protected":false},"excerpt":{"rendered":"<p>Location&amp;Arrival By carFrom the Olympic city of Innsbruck you can reach the Stubaital in about 20 minutes via the Brenner freeway (Europabr\u00fccke). Exit at Sch\u00f6nberg, the first village in the Stubaital, continue to Telfes. Or toll-free along the Brenner road to Sch\u00f6nberg (approx. 35 minutes driving time). The freeways in Austria are subject to vignettes. [&hellip;]<\/p>\n","protected":false},"author":2,"featured_media":0,"parent":0,"menu_order":6,"comment_status":"closed","ping_status":"closed","template":"","meta":{"footnotes":""},"class_list":["post-1379","page","type-page","status-publish","hentry"],"yoast_head":"<!-- This site is optimized with the Yoast SEO plugin v27.4 - https:\/\/yoast.com\/product\/yoast-seo-wordpress\/ -->\n<title>Kassnhof | Telfes, Stubai | Apartments | Farm Holidays | Pony Farm<\/title>\n<meta name=\"description\" content=\"Our Kassnhof is located in Telfes in the Stubaital with a view of the surrounding mountain scenery. Enjoy your family vacation on the farm.\" \/>\n<meta name=\"robots\" content=\"index, follow, max-snippet:-1, max-image-preview:large, max-video-preview:-1\" \/>\n<link rel=\"canonical\" href=\"https:\/\/kassnhof.at\/en\/location-arrival\/\" \/>\n<meta property=\"og:locale\" content=\"en_US\" \/>\n<meta property=\"og:type\" content=\"article\" \/>\n<meta property=\"og:title\" content=\"Kassnhof | Telfes, Stubai | Apartments | Farm Holidays | Pony Farm\" \/>\n<meta property=\"og:description\" content=\"Our Kassnhof is located in Telfes in the Stubaital with a view of the surrounding mountain scenery. Enjoy your family vacation on the farm.\" \/>\n<meta property=\"og:url\" content=\"https:\/\/kassnhof.at\/en\/location-arrival\/\" \/>\n<meta property=\"og:site_name\" content=\"Kassnhof Stubai\" \/>\n<meta property=\"article:modified_time\" content=\"2025-02-19T14:23:56+00:00\" \/>\n<meta name=\"twitter:card\" content=\"summary_large_image\" \/>\n<meta name=\"twitter:label1\" content=\"Est. reading time\" \/>\n\t<meta name=\"twitter:data1\" content=\"1 minute\" \/>\n<script type=\"application\/ld+json\" class=\"yoast-schema-graph\">{\"@context\":\"https:\\\/\\\/schema.org\",\"@graph\":[{\"@type\":\"WebPage\",\"@id\":\"https:\\\/\\\/kassnhof.at\\\/en\\\/location-arrival\\\/\",\"url\":\"https:\\\/\\\/kassnhof.at\\\/en\\\/location-arrival\\\/\",\"name\":\"Kassnhof | Telfes, Stubai | Apartments | Farm Holidays | Pony Farm\",\"isPartOf\":{\"@id\":\"https:\\\/\\\/kassnhof.at\\\/en\\\/#website\"},\"datePublished\":\"2022-01-14T10:10:48+00:00\",\"dateModified\":\"2025-02-19T14:23:56+00:00\",\"description\":\"Our Kassnhof is located in Telfes in the Stubaital with a view of the surrounding mountain scenery. Enjoy your family vacation on the farm.\",\"breadcrumb\":{\"@id\":\"https:\\\/\\\/kassnhof.at\\\/en\\\/location-arrival\\\/#breadcrumb\"},\"inLanguage\":\"en-US\",\"potentialAction\":[{\"@type\":\"ReadAction\",\"target\":[\"https:\\\/\\\/kassnhof.at\\\/en\\\/location-arrival\\\/\"]}]},{\"@type\":\"BreadcrumbList\",\"@id\":\"https:\\\/\\\/kassnhof.at\\\/en\\\/location-arrival\\\/#breadcrumb\",\"itemListElement\":[{\"@type\":\"ListItem\",\"position\":1,\"name\":\"Startseite\",\"item\":\"https:\\\/\\\/kassnhof.at\\\/en\\\/\"},{\"@type\":\"ListItem\",\"position\":2,\"name\":\"Location&#038;Arrival\"}]},{\"@type\":\"WebSite\",\"@id\":\"https:\\\/\\\/kassnhof.at\\\/en\\\/#website\",\"url\":\"https:\\\/\\\/kassnhof.at\\\/en\\\/\",\"name\":\"Kassnhof Stubai\",\"description\":\"Urlaub in den Bergen\",\"potentialAction\":[{\"@type\":\"SearchAction\",\"target\":{\"@type\":\"EntryPoint\",\"urlTemplate\":\"https:\\\/\\\/kassnhof.at\\\/en\\\/?s={search_term_string}\"},\"query-input\":{\"@type\":\"PropertyValueSpecification\",\"valueRequired\":true,\"valueName\":\"search_term_string\"}}],\"inLanguage\":\"en-US\"}]}<\/script>\n<!-- \/ Yoast SEO plugin. -->","yoast_head_json":{"title":"Kassnhof | Telfes, Stubai | Apartments | Farm Holidays | Pony Farm","description":"Our Kassnhof is located in Telfes in the Stubaital with a view of the surrounding mountain scenery. Enjoy your family vacation on the farm.","robots":{"index":"index","follow":"follow","max-snippet":"max-snippet:-1","max-image-preview":"max-image-preview:large","max-video-preview":"max-video-preview:-1"},"canonical":"https:\/\/kassnhof.at\/en\/location-arrival\/","og_locale":"en_US","og_type":"article","og_title":"Kassnhof | Telfes, Stubai | Apartments | Farm Holidays | Pony Farm","og_description":"Our Kassnhof is located in Telfes in the Stubaital with a view of the surrounding mountain scenery. Enjoy your family vacation on the farm.","og_url":"https:\/\/kassnhof.at\/en\/location-arrival\/","og_site_name":"Kassnhof Stubai","article_modified_time":"2025-02-19T14:23:56+00:00","twitter_card":"summary_large_image","twitter_misc":{"Est. reading time":"1 minute"},"schema":{"@context":"https:\/\/schema.org","@graph":[{"@type":"WebPage","@id":"https:\/\/kassnhof.at\/en\/location-arrival\/","url":"https:\/\/kassnhof.at\/en\/location-arrival\/","name":"Kassnhof | Telfes, Stubai | Apartments | Farm Holidays | Pony Farm","isPartOf":{"@id":"https:\/\/kassnhof.at\/en\/#website"},"datePublished":"2022-01-14T10:10:48+00:00","dateModified":"2025-02-19T14:23:56+00:00","description":"Our Kassnhof is located in Telfes in the Stubaital with a view of the surrounding mountain scenery. Enjoy your family vacation on the farm.","breadcrumb":{"@id":"https:\/\/kassnhof.at\/en\/location-arrival\/#breadcrumb"},"inLanguage":"en-US","potentialAction":[{"@type":"ReadAction","target":["https:\/\/kassnhof.at\/en\/location-arrival\/"]}]},{"@type":"BreadcrumbList","@id":"https:\/\/kassnhof.at\/en\/location-arrival\/#breadcrumb","itemListElement":[{"@type":"ListItem","position":1,"name":"Startseite","item":"https:\/\/kassnhof.at\/en\/"},{"@type":"ListItem","position":2,"name":"Location&#038;Arrival"}]},{"@type":"WebSite","@id":"https:\/\/kassnhof.at\/en\/#website","url":"https:\/\/kassnhof.at\/en\/","name":"Kassnhof Stubai","description":"Urlaub in den Bergen","potentialAction":[{"@type":"SearchAction","target":{"@type":"EntryPoint","urlTemplate":"https:\/\/kassnhof.at\/en\/?s={search_term_string}"},"query-input":{"@type":"PropertyValueSpecification","valueRequired":true,"valueName":"search_term_string"}}],"inLanguage":"en-US"}]}},"_links":{"self":[{"href":"https:\/\/kassnhof.at\/en\/wp-json\/wp\/v2\/pages\/1379","targetHints":{"allow":["GET"]}}],"collection":[{"href":"https:\/\/kassnhof.at\/en\/wp-json\/wp\/v2\/pages"}],"about":[{"href":"https:\/\/kassnhof.at\/en\/wp-json\/wp\/v2\/types\/page"}],"author":[{"embeddable":true,"href":"https:\/\/kassnhof.at\/en\/wp-json\/wp\/v2\/users\/2"}],"replies":[{"embeddable":true,"href":"https:\/\/kassnhof.at\/en\/wp-json\/wp\/v2\/comments?post=1379"}],"version-history":[{"count":10,"href":"https:\/\/kassnhof.at\/en\/wp-json\/wp\/v2\/pages\/1379\/revisions"}],"predecessor-version":[{"id":1786,"href":"https:\/\/kassnhof.at\/en\/wp-json\/wp\/v2\/pages\/1379\/revisions\/1786"}],"wp:attachment":[{"href":"https:\/\/kassnhof.at\/en\/wp-json\/wp\/v2\/media?parent=1379"}],"curies":[{"name":"wp","href":"https:\/\/api.w.org\/{rel}","templated":true}]}}